{"id":2,"date":"2018-05-02T11:18:33","date_gmt":"2018-05-02T09:18:33","guid":{"rendered":"http:\/\/www.groupito.comhttps:\/\/www.pasmieux.com\/blog\/?page_id=2"},"modified":"2018-05-03T11:10:50","modified_gmt":"2018-05-03T09:10:50","slug":"qui-sommes-nous","status":"publish","type":"page","link":"https:\/\/www.petitplacard.com\/blog\/qui-sommes-nous\/","title":{"rendered":"Qui sommes-nous?"},"content":{"rendered":"<p><strong>Location bus, autocar ou minibus avec chauffeur aupr\u00e8s de nos centaines de partenaires transporteurs professionnels partout en France.<\/strong><\/p>\n<p>Votre chauffeur transportera votre groupe confortablement et en toute s\u00e9curit\u00e9 \u00e0 votre destination partout en France et en Europe. Aller simple, aller-retour ou circuit sur plusieurs jours toutes les prestations que vous voulez sont possibles.<\/p>\n<p>D\u00e9placement d\u2019une association sportive ou culturelle, s\u00e9minaire d\u2019entreprise, sortie scolaire, groupe de touristes, navettes pour mariage, transfert a\u00e9roport et gare ou enterrement de vie de jeune fille, nous avons des offres pour tous les groupes. Du van 5 ou 8 places, au minibus 9, 10, 12, 15 ou 20 places jusqu\u2019au car grand tourisme de 40, 50 ou 60 places, sur Groupito vous trouverez un v\u00e9hicule adapt\u00e9 \u00e0 votre besoin et budget.<\/p>\n<p>Groupito est un site ind\u00e9pendant qui vous permet avec une seule demande de devis (1 minute pour r\u00e9diger votre demande) de recevoir jusqu\u2019\u00e0 5 offres tr\u00e8s d\u00e9taill\u00e9es de nos partenaires transporteurs. Vous pourrez comparer ces offres, poser des questions aux transporteurs via le site et choisir l\u2019offre que vous pr\u00e9f\u00e9rez en fonction de vos crit\u00e8res de prix, type et \u00e9quipement de v\u00e9hicule ou encore conditions commerciales.<br \/>\nLocation de bus ou minibus avec chauffeur au d\u00e9part de Paris, Marseille, Lyon, Toulouse, Nice, Nantes, Strasbourg, Montpellier, Bordeaux, Lille, mais aussi de n\u2019importe quelle ville et village de France. Le transport s\u2019adaptera \u00e0 vous, pas l\u2019inverse !<\/p>\n","protected":false},"excerpt":{"rendered":"<p>Location bus, autocar ou minibus avec chauffeur aupr\u00e8s de nos centaines de partenaires transporteurs professionnels partout en France. Votre chauffeur transportera votre groupe confortablement et en toute s\u00e9curit\u00e9 \u00e0 votre destination partout en France et&#8230;<\/p>\n","protected":false},"author":1,"featured_media":0,"parent":0,"menu_order":0,"comment_status":"closed","ping_status":"open","template":"","meta":[],"aioseo_notices":[],"_links":{"self":[{"href":"https:\/\/www.petitplacard.com\/blog\/wp-json\/wp\/v2\/pages\/2"}],"collection":[{"href":"https:\/\/www.petitplacard.com\/blog\/wp-json\/wp\/v2\/pages"}],"about":[{"href":"https:\/\/www.petitplacard.com\/blog\/wp-json\/wp\/v2\/types\/page"}],"author":[{"embeddable":true,"href":"https:\/\/www.petitplacard.com\/blog\/wp-json\/wp\/v2\/users\/1"}],"replies":[{"embeddable":true,"href":"https:\/\/www.petitplacard.com\/blog\/wp-json\/wp\/v2\/comments?post=2"}],"version-history":[{"count":4,"href":"https:\/\/www.petitplacard.com\/blog\/wp-json\/wp\/v2\/pages\/2\/revisions"}],"predecessor-version":[{"id":556,"href":"https:\/\/www.petitplacard.com\/blog\/wp-json\/wp\/v2\/pages\/2\/revisions\/556"}],"wp:attachment":[{"href":"https:\/\/www.petitplacard.com\/blog\/wp-json\/wp\/v2\/media?parent=2"}],"curies":[{"name":"wp","href":"https:\/\/api.w.org\/{rel}","templated":true}]}}